{"id":4206,"date":"2022-11-02T12:04:03","date_gmt":"2022-11-02T11:04:03","guid":{"rendered":"https:\/\/somoborac.com\/uzi-izbor\/"},"modified":"2025-10-15T12:12:34","modified_gmt":"2025-10-15T10:12:34","slug":"shortlist","status":"publish","type":"page","link":"https:\/\/somoborac.com\/en\/shortlist\/","title":{"rendered":"Shortlist"},"content":{"rendered":"<div>\n<h1>Media 2022<\/h1>\n<div><\/div>\n<div><b>SoMo NATIVE\u00a0<\/b><\/div>\n<p>Hanza Media, Native Ad Studio i Energia naturalis s projektom &#8216;Studio Smanji ra\u010dune, upali Sunce!&#8217; (ENNA Opskrba)<br \/>\n24sata i Kaufland s projektom &#8216;Green Medal&#8217;<\/p>\n<div>\n<div><a href=\"http:\/\/tportal.hr\/\" target=\"_blank\" rel=\"noopener\" data-saferedirecturl=\"https:\/\/www.google.com\/url?q=http:\/\/tportal.hr\/&amp;source=gmail&amp;ust=1667471445059000&amp;usg=AOvVaw2snfBdbyYfUG79Aw4uScBC\">tportal.hr<\/a>\u00a0\/ Hrvatski Telekom i Huawei Electronics s projektom &#8216;Vrijeme je za stvarnu mo\u0107&#8217;<\/div>\n<div>Telegram Media Grupa i Atlantic Grupa s projektom\u00a0 &#8216;\u017divi \u017eivot punim ustima!&#8217; (Jimmy Fantastic)<\/div>\n<div>01 Content &amp; Technology \u2013 C3 Croatia i JGL s projektom &#8216;X-LAB: JGL expert research hub &#8211; largest international longevity platform&#8217; (Vizol S)<\/div>\n<div><\/div>\n<div><b>Best Storytelling<\/b><\/div>\n<p>Herman &amp; partnerji i Mercator s projektom &#8216;PRVI\u010c MAMA&#8217;<\/p>\n<\/div>\n<div>\n<div>Piksel LTD i Penzija.mk s projektom &#8216;Zasadi \u017eelba&#8217; (Plant a Wish)<\/div>\n<\/div>\n<div>Herman &amp; partnerji i Mercator s projektom &#8216;Naj slovensko pecivo&#8217;<\/div>\n<div>\n<div>RTL Hrvatska i Net.hr s projektom &#8216;XX. Stolje\u0107e by Hrvoje Klasi\u0107&#8217;<\/div>\n<\/div>\n<div>EuroART93 i A1 Hrvatska s projektom &#8216;Switchaj na bolje!&#8217;<\/div>\n<div><\/div>\n<div><b>Digital Product of the Year<\/b><\/div>\n<p>Nova TV d.d. s projektom &#8216;DNEVNIK.hr mobile app&#8217;<\/p>\n<div>Herman &amp; partnerji i Mercator s projektom &#8216;M SOSESKA&#8217;<\/div>\n<div>Bruketa&amp;\u017dini\u0107&amp;Grey i 24sata s projektom &#8216;Ori\u0111i\u0111i Video Awards u metaversu&#8217;<br \/>\nTelegram Media Grupa s projektom &#8216;Telegramov bo\u017ei\u0107ni vodi\u010d&#8217;<\/div>\n<div>\n<p>Degordian s projektom &#8216;Stethoscope &#8211; employee satisfaction and engagement tool&#8217;<\/p>\n<\/div>\n<div><b>Digital Design of the Year\u00a0<\/b><\/div>\n<p>Telegram Media Grupa s projektom &#8216;Redizajn portala Telegram.hr&#8217;<br \/>\nS.T.A.R. s projektom &#8216;Digital ShopGuru&#8217;<\/p>\n<div>Degordian i Nets CEE s projektom &#8216;Waldy&#8217;<\/div>\n<div>Human Interaction Company i Journal Media Group s projektom &#8216;Journal Redesign&#8217;<\/div>\n<\/div>\n","protected":false},"excerpt":{"rendered":"<p>Media 2022 SoMo NATIVE\u00a0 Hanza Media, Native Ad Studio i Energia naturalis s projektom &#8216;Studio Smanji ra\u010dune, upali Sunce!&#8217; (ENNA Opskrba) 24sata i Kaufland s projektom &#8216;Green Medal&#8217; tportal.hr\u00a0\/ Hrvatski Telekom i Huawei Electronics s projektom &#8216;Vrijeme je za stvarnu mo\u0107&#8217; Telegram Media Grupa i Atlantic Grupa s projektom\u00a0 &#8216;\u017divi \u017eivot punim ustima!&#8217; (Jimmy Fantastic) [&hellip;]<\/p>\n","protected":false},"author":5,"featured_media":0,"parent":0,"menu_order":0,"comment_status":"closed","ping_status":"closed","template":"page-uzi-izbor.php","meta":{"_acf_changed":false,"footnotes":""},"class_list":["post-4206","page","type-page","status-publish","hentry"],"acf":[],"yoast_head":"<!-- This site is optimized with the Yoast SEO plugin v26.1.1 - https:\/\/yoast.com\/wordpress\/plugins\/seo\/ -->\n<title>Shortlist - SoMo Borac<\/title>\n<meta name=\"robots\" content=\"index, follow, max-snippet:-1, max-image-preview:large, max-video-preview:-1\" \/>\n<link rel=\"canonical\" href=\"https:\/\/somoborac.com\/en\/shortlist\/\" \/>\n<meta property=\"og:locale\" content=\"en_US\" \/>\n<meta property=\"og:type\" content=\"article\" \/>\n<meta property=\"og:title\" content=\"Shortlist - SoMo Borac\" \/>\n<meta property=\"og:description\" content=\"Media 2022 SoMo NATIVE\u00a0 Hanza Media, Native Ad Studio i Energia naturalis s projektom &#8216;Studio Smanji ra\u010dune, upali Sunce!&#8217; (ENNA Opskrba) 24sata i Kaufland s projektom &#8216;Green Medal&#8217; tportal.hr\u00a0\/ Hrvatski Telekom i Huawei Electronics s projektom &#8216;Vrijeme je za stvarnu mo\u0107&#8217; Telegram Media Grupa i Atlantic Grupa s projektom\u00a0 &#8216;\u017divi \u017eivot punim ustima!&#8217; (Jimmy Fantastic) [&hellip;]\" \/>\n<meta property=\"og:url\" content=\"https:\/\/somoborac.com\/en\/shortlist\/\" \/>\n<meta property=\"og:site_name\" content=\"SoMo Borac\" \/>\n<meta property=\"article:publisher\" content=\"https:\/\/www.facebook.com\/somoborac\/\" \/>\n<meta property=\"article:modified_time\" content=\"2025-10-15T10:12:34+00:00\" \/>\n<meta name=\"twitter:card\" content=\"summary_large_image\" \/>\n<meta name=\"twitter:label1\" content=\"Est. reading time\" \/>\n\t<meta name=\"twitter:data1\" content=\"1 minute\" \/>\n<script type=\"application\/ld+json\" class=\"yoast-schema-graph\">{\"@context\":\"https:\/\/schema.org\",\"@graph\":[{\"@type\":\"WebPage\",\"@id\":\"https:\/\/somoborac.com\/en\/shortlist\/\",\"url\":\"https:\/\/somoborac.com\/en\/shortlist\/\",\"name\":\"Shortlist - SoMo Borac\",\"isPartOf\":{\"@id\":\"https:\/\/somoborac.com\/#website\"},\"datePublished\":\"2022-11-02T11:04:03+00:00\",\"dateModified\":\"2025-10-15T10:12:34+00:00\",\"breadcrumb\":{\"@id\":\"https:\/\/somoborac.com\/en\/shortlist\/#breadcrumb\"},\"inLanguage\":\"en-US\",\"potentialAction\":[{\"@type\":\"ReadAction\",\"target\":[\"https:\/\/somoborac.com\/en\/shortlist\/\"]}]},{\"@type\":\"BreadcrumbList\",\"@id\":\"https:\/\/somoborac.com\/en\/shortlist\/#breadcrumb\",\"itemListElement\":[{\"@type\":\"ListItem\",\"position\":1,\"name\":\"Po\u010detna stranica\",\"item\":\"https:\/\/somoborac.com\/en\/home\/\"},{\"@type\":\"ListItem\",\"position\":2,\"name\":\"Shortlist\"}]},{\"@type\":\"WebSite\",\"@id\":\"https:\/\/somoborac.com\/#website\",\"url\":\"https:\/\/somoborac.com\/\",\"name\":\"SoMo Borac\",\"description\":\"Najva\u017enija digitalna nagrada! Prijavite se i pokupite svog SoMo Borca na Weekendu u Rovinju!\",\"publisher\":{\"@id\":\"https:\/\/somoborac.com\/#organization\"},\"potentialAction\":[{\"@type\":\"SearchAction\",\"target\":{\"@type\":\"EntryPoint\",\"urlTemplate\":\"https:\/\/somoborac.com\/?s={search_term_string}\"},\"query-input\":{\"@type\":\"PropertyValueSpecification\",\"valueRequired\":true,\"valueName\":\"search_term_string\"}}],\"inLanguage\":\"en-US\"},{\"@type\":\"Organization\",\"@id\":\"https:\/\/somoborac.com\/#organization\",\"name\":\"SoMo Borac\",\"url\":\"https:\/\/somoborac.com\/\",\"logo\":{\"@type\":\"ImageObject\",\"inLanguage\":\"en-US\",\"@id\":\"https:\/\/somoborac.com\/#\/schema\/logo\/image\/\",\"url\":\"https:\/\/somoborac.com\/wp-content\/uploads\/2024\/06\/somo_borac_somo_2024_20240605-1.png\",\"contentUrl\":\"https:\/\/somoborac.com\/wp-content\/uploads\/2024\/06\/somo_borac_somo_2024_20240605-1.png\",\"width\":1200,\"height\":1200,\"caption\":\"SoMo Borac\"},\"image\":{\"@id\":\"https:\/\/somoborac.com\/#\/schema\/logo\/image\/\"},\"sameAs\":[\"https:\/\/www.facebook.com\/somoborac\/\",\"https:\/\/www.instagram.com\/somoborac\/\",\"https:\/\/www.linkedin.com\/company\/5278134\/\",\"https:\/\/www.youtube.com\/channel\/UCU46Mj9AayA6LvSC_deN_cA\"]}]}<\/script>\n<!-- \/ Yoast SEO plugin. -->","yoast_head_json":{"title":"Shortlist - SoMo Borac","robots":{"index":"index","follow":"follow","max-snippet":"max-snippet:-1","max-image-preview":"max-image-preview:large","max-video-preview":"max-video-preview:-1"},"canonical":"https:\/\/somoborac.com\/en\/shortlist\/","og_locale":"en_US","og_type":"article","og_title":"Shortlist - SoMo Borac","og_description":"Media 2022 SoMo NATIVE\u00a0 Hanza Media, Native Ad Studio i Energia naturalis s projektom &#8216;Studio Smanji ra\u010dune, upali Sunce!&#8217; (ENNA Opskrba) 24sata i Kaufland s projektom &#8216;Green Medal&#8217; tportal.hr\u00a0\/ Hrvatski Telekom i Huawei Electronics s projektom &#8216;Vrijeme je za stvarnu mo\u0107&#8217; Telegram Media Grupa i Atlantic Grupa s projektom\u00a0 &#8216;\u017divi \u017eivot punim ustima!&#8217; (Jimmy Fantastic) [&hellip;]","og_url":"https:\/\/somoborac.com\/en\/shortlist\/","og_site_name":"SoMo Borac","article_publisher":"https:\/\/www.facebook.com\/somoborac\/","article_modified_time":"2025-10-15T10:12:34+00:00","twitter_card":"summary_large_image","twitter_misc":{"Est. reading time":"1 minute"},"schema":{"@context":"https:\/\/schema.org","@graph":[{"@type":"WebPage","@id":"https:\/\/somoborac.com\/en\/shortlist\/","url":"https:\/\/somoborac.com\/en\/shortlist\/","name":"Shortlist - SoMo Borac","isPartOf":{"@id":"https:\/\/somoborac.com\/#website"},"datePublished":"2022-11-02T11:04:03+00:00","dateModified":"2025-10-15T10:12:34+00:00","breadcrumb":{"@id":"https:\/\/somoborac.com\/en\/shortlist\/#breadcrumb"},"inLanguage":"en-US","potentialAction":[{"@type":"ReadAction","target":["https:\/\/somoborac.com\/en\/shortlist\/"]}]},{"@type":"BreadcrumbList","@id":"https:\/\/somoborac.com\/en\/shortlist\/#breadcrumb","itemListElement":[{"@type":"ListItem","position":1,"name":"Po\u010detna stranica","item":"https:\/\/somoborac.com\/en\/home\/"},{"@type":"ListItem","position":2,"name":"Shortlist"}]},{"@type":"WebSite","@id":"https:\/\/somoborac.com\/#website","url":"https:\/\/somoborac.com\/","name":"SoMo Borac","description":"Najva\u017enija digitalna nagrada! Prijavite se i pokupite svog SoMo Borca na Weekendu u Rovinju!","publisher":{"@id":"https:\/\/somoborac.com\/#organization"},"potentialAction":[{"@type":"SearchAction","target":{"@type":"EntryPoint","urlTemplate":"https:\/\/somoborac.com\/?s={search_term_string}"},"query-input":{"@type":"PropertyValueSpecification","valueRequired":true,"valueName":"search_term_string"}}],"inLanguage":"en-US"},{"@type":"Organization","@id":"https:\/\/somoborac.com\/#organization","name":"SoMo Borac","url":"https:\/\/somoborac.com\/","logo":{"@type":"ImageObject","inLanguage":"en-US","@id":"https:\/\/somoborac.com\/#\/schema\/logo\/image\/","url":"https:\/\/somoborac.com\/wp-content\/uploads\/2024\/06\/somo_borac_somo_2024_20240605-1.png","contentUrl":"https:\/\/somoborac.com\/wp-content\/uploads\/2024\/06\/somo_borac_somo_2024_20240605-1.png","width":1200,"height":1200,"caption":"SoMo Borac"},"image":{"@id":"https:\/\/somoborac.com\/#\/schema\/logo\/image\/"},"sameAs":["https:\/\/www.facebook.com\/somoborac\/","https:\/\/www.instagram.com\/somoborac\/","https:\/\/www.linkedin.com\/company\/5278134\/","https:\/\/www.youtube.com\/channel\/UCU46Mj9AayA6LvSC_deN_cA"]}]}},"_links":{"self":[{"href":"https:\/\/somoborac.com\/en\/wp-json\/wp\/v2\/pages\/4206","targetHints":{"allow":["GET"]}}],"collection":[{"href":"https:\/\/somoborac.com\/en\/wp-json\/wp\/v2\/pages"}],"about":[{"href":"https:\/\/somoborac.com\/en\/wp-json\/wp\/v2\/types\/page"}],"author":[{"embeddable":true,"href":"https:\/\/somoborac.com\/en\/wp-json\/wp\/v2\/users\/5"}],"replies":[{"embeddable":true,"href":"https:\/\/somoborac.com\/en\/wp-json\/wp\/v2\/comments?post=4206"}],"version-history":[{"count":26,"href":"https:\/\/somoborac.com\/en\/wp-json\/wp\/v2\/pages\/4206\/revisions"}],"predecessor-version":[{"id":8090,"href":"https:\/\/somoborac.com\/en\/wp-json\/wp\/v2\/pages\/4206\/revisions\/8090"}],"wp:attachment":[{"href":"https:\/\/somoborac.com\/en\/wp-json\/wp\/v2\/media?parent=4206"}],"curies":[{"name":"wp","href":"https:\/\/api.w.org\/{rel}","templated":true}]}}